{"id":1221,"date":"2025-10-06T16:39:10","date_gmt":"2025-10-06T14:39:10","guid":{"rendered":"https:\/\/davidalazraki.fr\/?page_id=1221"},"modified":"2025-11-16T09:43:27","modified_gmt":"2025-11-16T08:43:27","slug":"elementor-1221","status":"publish","type":"page","link":"https:\/\/davidalazraki.fr\/?page_id=1221","title":{"rendered":""},"content":{"rendered":"\t\t<div data-elementor-type=\"wp-page\" data-elementor-id=\"1221\" class=\"elementor elementor-1221\">\n\t\t\t\t<div class=\"elementor-element elementor-element-1e85ced e-transform e-con-full e-flex e-con e-parent\" data-id=\"1e85ced\" data-element_type=\"container\" data-e-type=\"container\" data-settings=\"{&quot;_transform_translateX_effect&quot;:{&quot;unit&quot;:&quot;px&quot;,&quot;size&quot;:-511,&quot;sizes&quot;:[]},&quot;_transform_translateY_effect&quot;:{&quot;unit&quot;:&quot;px&quot;,&quot;size&quot;:-159,&quot;sizes&quot;:[]},&quot;_transform_translateX_effect_tablet&quot;:{&quot;unit&quot;:&quot;px&quot;,&quot;size&quot;:-278,&quot;sizes&quot;:[]},&quot;_transform_translateY_effect_tablet&quot;:{&quot;unit&quot;:&quot;px&quot;,&quot;size&quot;:-110,&quot;sizes&quot;:[]},&quot;_transform_translateX_effect_mobile&quot;:{&quot;unit&quot;:&quot;px&quot;,&quot;size&quot;:&quot;&quot;,&quot;sizes&quot;:[]},&quot;_transform_translateY_effect_mobile&quot;:{&quot;unit&quot;:&quot;px&quot;,&quot;size&quot;:&quot;&quot;,&quot;sizes&quot;:[]}}\">\n\t\t\t\t<div class=\"elementor-element elementor-element-16f8ee60 e-transform e-transform elementor-widget elementor-widget-button\" data-id=\"16f8ee60\" data-element_type=\"widget\" data-e-type=\"widget\" data-settings=\"{&quot;_transform_translateX_effect_mobile&quot;:{&quot;unit&quot;:&quot;px&quot;,&quot;size&quot;:244,&quot;sizes&quot;:[]},&quot;_transform_translateY_effect_mobile&quot;:{&quot;unit&quot;:&quot;px&quot;,&quot;size&quot;:49,&quot;sizes&quot;:[]},&quot;_transform_scale_effect_mobile&quot;:{&quot;unit&quot;:&quot;px&quot;,&quot;size&quot;:0.9,&quot;sizes&quot;:[]},&quot;_transform_translateX_effect&quot;:{&quot;unit&quot;:&quot;px&quot;,&quot;size&quot;:&quot;&quot;,&quot;sizes&quot;:[]},&quot;_transform_translateX_effect_tablet&quot;:{&quot;unit&quot;:&quot;px&quot;,&quot;size&quot;:&quot;&quot;,&quot;sizes&quot;:[]},&quot;_transform_translateY_effect&quot;:{&quot;unit&quot;:&quot;px&quot;,&quot;size&quot;:&quot;&quot;,&quot;sizes&quot;:[]},&quot;_transform_translateY_effect_tablet&quot;:{&quot;unit&quot;:&quot;px&quot;,&quot;size&quot;:&quot;&quot;,&quot;sizes&quot;:[]},&quot;_transform_scale_effect&quot;:{&quot;unit&quot;:&quot;px&quot;,&quot;size&quot;:&quot;&quot;,&quot;sizes&quot;:[]},&quot;_transform_scale_effect_tablet&quot;:{&quot;unit&quot;:&quot;px&quot;,&quot;size&quot;:&quot;&quot;,&quot;sizes&quot;:[]}}\" data-widget_type=\"button.default\">\n\t\t\t\t\t\t\t\t\t\t<a class=\"elementor-button elementor-button-link elementor-size-sm elementor-animation-grow\" href=\"https:\/\/davidalazraki.fr\/?page_id=1160\">\n\t\t\t\t\t\t<span class=\"elementor-button-content-wrapper\">\n\t\t\t\t\t\t\t\t\t<span class=\"elementor-button-text\">&lt; Retour<\/span>\n\t\t\t\t\t<\/span>\n\t\t\t\t\t<\/a>\n\t\t\t\t\t\t\t\t<\/div>\n\t\t\t\t<\/div>\n\t\t<div class=\"elementor-element elementor-element-3009a955 e-transform e-transform e-flex e-con-boxed e-con e-parent\" data-id=\"3009a955\" data-element_type=\"container\" data-e-type=\"container\" data-settings=\"{&quot;_transform_translateY_effect&quot;:{&quot;unit&quot;:&quot;px&quot;,&quot;size&quot;:-259,&quot;sizes&quot;:[]},&quot;_transform_scale_effect&quot;:{&quot;unit&quot;:&quot;px&quot;,&quot;size&quot;:1.5,&quot;sizes&quot;:[]},&quot;_transform_scale_effect_tablet&quot;:{&quot;unit&quot;:&quot;px&quot;,&quot;size&quot;:1.1,&quot;sizes&quot;:[]},&quot;_transform_scale_effect_mobile&quot;:{&quot;unit&quot;:&quot;px&quot;,&quot;size&quot;:0.9,&quot;sizes&quot;:[]},&quot;_transform_translateY_effect_tablet&quot;:{&quot;unit&quot;:&quot;px&quot;,&quot;size&quot;:-137,&quot;sizes&quot;:[]},&quot;_transform_translateX_effect&quot;:{&quot;unit&quot;:&quot;px&quot;,&quot;size&quot;:&quot;&quot;,&quot;sizes&quot;:[]},&quot;_transform_translateX_effect_tablet&quot;:{&quot;unit&quot;:&quot;px&quot;,&quot;size&quot;:&quot;&quot;,&quot;sizes&quot;:[]},&quot;_transform_translateX_effect_mobile&quot;:{&quot;unit&quot;:&quot;px&quot;,&quot;size&quot;:&quot;&quot;,&quot;sizes&quot;:[]},&quot;_transform_translateY_effect_mobile&quot;:{&quot;unit&quot;:&quot;px&quot;,&quot;size&quot;:&quot;&quot;,&quot;sizes&quot;:[]}}\">\n\t\t\t\t\t<div class=\"e-con-inner\">\n\t\t\t\t<div class=\"elementor-element elementor-element-23b1d11 elementor-widget__width-initial e-transform e-transform elementor-widget elementor-widget-text-editor\" data-id=\"23b1d11\" data-element_type=\"widget\" data-e-type=\"widget\" data-settings=\"{&quot;_transform_translateY_effect&quot;:{&quot;unit&quot;:&quot;px&quot;,&quot;size&quot;:220,&quot;sizes&quot;:[]},&quot;_transform_translateY_effect_tablet&quot;:{&quot;unit&quot;:&quot;px&quot;,&quot;size&quot;:61,&quot;sizes&quot;:[]},&quot;_transform_translateY_effect_mobile&quot;:{&quot;unit&quot;:&quot;px&quot;,&quot;size&quot;:0,&quot;sizes&quot;:[]},&quot;_transform_translateX_effect&quot;:{&quot;unit&quot;:&quot;px&quot;,&quot;size&quot;:&quot;&quot;,&quot;sizes&quot;:[]},&quot;_transform_translateX_effect_tablet&quot;:{&quot;unit&quot;:&quot;px&quot;,&quot;size&quot;:&quot;&quot;,&quot;sizes&quot;:[]},&quot;_transform_translateX_effect_mobile&quot;:{&quot;unit&quot;:&quot;px&quot;,&quot;size&quot;:&quot;&quot;,&quot;sizes&quot;:[]},&quot;_transform_scale_effect&quot;:{&quot;unit&quot;:&quot;px&quot;,&quot;size&quot;:&quot;&quot;,&quot;sizes&quot;:[]},&quot;_transform_scale_effect_tablet&quot;:{&quot;unit&quot;:&quot;px&quot;,&quot;size&quot;:&quot;&quot;,&quot;sizes&quot;:[]},&quot;_transform_scale_effect_mobile&quot;:{&quot;unit&quot;:&quot;px&quot;,&quot;size&quot;:&quot;&quot;,&quot;sizes&quot;:[]}}\" data-widget_type=\"text-editor.default\">\n\t\t\t\t\t\t\t\t\t<p><strong>Karakoram Highway<\/strong><br \/>Texte publi\u00e9 dans la revue \u00ab Bouts du monde \u00bb n\u00b0 6, 2011<\/p><p><span style=\"text-align: var(--text-align);\">\u00c0 propos du carnet \u00ab slip pad \u00bb, dessins de m\u00e9moire de 9 x11 cm ex\u00e9cut\u00e9\u00a0<\/span><span style=\"text-align: var(--text-align);\">pendant 12 ans, retra\u00e7ant 3 mois de voyage en Himalaya<\/span><\/p><p>Tous ceux qui ont voyag\u00e9 en Inde connaissent certainement ces extraordinaires \u00e9choppes de cahiers et carnets pour \u00e9colier, comptable ou commer\u00e7ant : un r\u00eave de collectionneur de papiers. Autant de choix que dans une boutique de saris. Ce petit carnet d\u2019\u00e9picier (12&#215;9 cm) au papier blanc sale l\u00e9g\u00e8rement brillant a \u00e9t\u00e9 achet\u00e9 en 1998 au d\u00e9but d\u2019un voyage d\u2019un an, et je ne lui pr\u00e9voyais pas ce destin.En plus du croquis sur place, j\u2019ai toujours dessin\u00e9 de m\u00e9moire : la route en jeep, en bus, en maruti, en Tata&#8230; fait d\u00e9filer trop de visions pour pouvoir les relever au fur et \u00e0 mesure, et le filtre de la m\u00e9moire conserve uniquement ce qui est essentiel. Parti plusieurs mois en montagne au Pakistan et en Inde je faisais \u00e0 l\u2019\u00e9poque des dessins panoramiques (cf : Himalaya-Karakoram chez Gallimard) \u00e0 l\u2019encre de Chine et \u00e0 l\u2019aquarelle assez longs \u00e0 r\u00e9aliser, parfois plusieurs jours apr\u00e8s avoir vu un endroit. Mais l\u2019accumulation de lieux travers\u00e9s m\u2019a vite<br \/>submerg\u00e9. Je me suis donc mis \u00e0 faire des petits croquis rapides dans ce carnet,<br \/>pour ne pas perdre le fil. Et, ce qui m\u2019a surpris tant il paraissait fin et pauvre, le<br \/>papier a tr\u00e8s bien r\u00e9agi \u00e0 l\u2019aquarelle.<br \/>Lors de ce voyage, je l\u2019ai laiss\u00e9 inachev\u00e9 en quittant l\u2019Himalaya. Je pensais alors reprendre ces croquis d\u2019une mani\u00e8re plus approfondie mais, au retour, ces tentatives perdaient en force. J\u2019ai oubli\u00e9 ce carnet, en ai r\u00e9alis\u00e9 d\u2019autres et suis retourn\u00e9 plusieurs fois en Himalaya. Six ans apr\u00e8s l\u2019avoir commenc\u00e9, je l\u2019ai repris pour continuer \u00e0 la maison ces vues de montagnes, mais plus \u00e0 titre d\u2019esquisse. Je l\u2019ai fini en 2010, douze ans apr\u00e8s le premier dessin. Pour r\u00e9aliser cette suite, je recherche la sensation \u00e9prouv\u00e9e au cours d\u2019un de mes voyages correspondant \u00e0 mon \u00e9tat actuel pour faire resurgir une vision. En ce sens il s\u2019agit d\u2019une approche plus litt\u00e9raire que graphique du paysage, une d\u00e9marche peut-\u00eatre n\u00e9e de la lecture de Marcel Proust, ou de Nicolas Bouvier qui<br \/>dans \u00ab Le Poisson-Scorpion\u00bb reprend ses notes plus de vingt apr\u00e8s, centr\u00e9 plus sur sa m\u00e9tamorphose que sur un r\u00e9cit de voyage.<br \/>Ce carnet contient, dans le plus grand d\u00e9sordre, quatre-vingts images de quelques motifs r\u00e9currents : au Pakistan la vall\u00e9e de Chitral, les flammes min\u00e9rales du nord de l\u2019Hindu Kush, la route c\u00e9leste qui conduit \u00e0 Gilgit par la Shandur Pass, la douceur maternelle de la Hunza, l\u2019ind\u00e9tr\u00f4nable Karakoram Highway, les g\u00e9ants aigus du Baltistan. En Inde les vergers et for\u00eats embrum\u00e9es d\u2019Himashal Pradesh, les villages de la Parvati, les d\u00e9serts verts et violets du Ladakh, le bleu glac\u00e9 du Lahaul, le vertige aride du Spiti.\u00a0<\/p><p><span style=\"text-align: var(--text-align);\">Si certaines vues qui se suivent sont en r\u00e9alit\u00e9 s\u00e9par\u00e9es de centaines de\u00a0<\/span><span style=\"text-align: var(--text-align);\">kilom\u00e8tres, d\u2019autres au contraire d\u2019un m\u00eame lieu sont faites \u00e0 des ann\u00e9es et des\u00a0<\/span><span style=\"text-align: var(--text-align);\">pages d\u2019\u00e9cart, pour constituer en d\u00e9finitive une g\u00e9ographie int\u00e9rieure<\/span><\/p>\t\t\t\t\t\t\t\t<\/div>\n\t\t\t\t\t<\/div>\n\t\t\t\t<\/div>\n\t\t\t\t<\/div>\n\t\t","protected":false},"excerpt":{"rendered":"<p>&lt; Retour Karakoram HighwayTexte publi\u00e9 dans la revue \u00ab Bouts du monde \u00bb n\u00b0 6, 2011 \u00c0 propos du carnet \u00ab slip pad \u00bb, dessins de m\u00e9moire de 9 x11 cm ex\u00e9cut\u00e9\u00a0pendant 12 ans, retra\u00e7ant 3 mois de voyage en Himalaya Tous ceux qui ont voyag\u00e9 en Inde connaissent certainement ces extraordinaires \u00e9choppes de cahiers [&hellip;]<\/p>\n","protected":false},"author":2,"featured_media":0,"parent":0,"menu_order":0,"comment_status":"closed","ping_status":"closed","template":"elementor_theme","meta":{"footnotes":""},"class_list":["post-1221","page","type-page","status-publish","hentry"],"_links":{"self":[{"href":"https:\/\/davidalazraki.fr\/index.php?rest_route=\/wp\/v2\/pages\/1221","targetHints":{"allow":["GET"]}}],"collection":[{"href":"https:\/\/davidalazraki.fr\/index.php?rest_route=\/wp\/v2\/pages"}],"about":[{"href":"https:\/\/davidalazraki.fr\/index.php?rest_route=\/wp\/v2\/types\/page"}],"author":[{"embeddable":true,"href":"https:\/\/davidalazraki.fr\/index.php?rest_route=\/wp\/v2\/users\/2"}],"replies":[{"embeddable":true,"href":"https:\/\/davidalazraki.fr\/index.php?rest_route=%2Fwp%2Fv2%2Fcomments&post=1221"}],"version-history":[{"count":35,"href":"https:\/\/davidalazraki.fr\/index.php?rest_route=\/wp\/v2\/pages\/1221\/revisions"}],"predecessor-version":[{"id":2973,"href":"https:\/\/davidalazraki.fr\/index.php?rest_route=\/wp\/v2\/pages\/1221\/revisions\/2973"}],"wp:attachment":[{"href":"https:\/\/davidalazraki.fr\/index.php?rest_route=%2Fwp%2Fv2%2Fmedia&parent=1221"}],"curies":[{"name":"wp","href":"https:\/\/api.w.org\/{rel}","templated":true}]}}