{"id":2305,"date":"2025-10-17T22:52:26","date_gmt":"2025-10-17T20:52:26","guid":{"rendered":"https:\/\/davidalazraki.fr\/?page_id=2305"},"modified":"2025-10-18T02:04:21","modified_gmt":"2025-10-18T00:04:21","slug":"elementor-2305","status":"publish","type":"page","link":"https:\/\/davidalazraki.fr\/?page_id=2305","title":{"rendered":""},"content":{"rendered":"\t\t<div data-elementor-type=\"wp-page\" data-elementor-id=\"2305\" class=\"elementor elementor-2305\">\n\t\t\t\t<div class=\"elementor-element elementor-element-0a6b2c9 e-transform e-flex e-con-boxed e-con e-parent\" data-id=\"0a6b2c9\" data-element_type=\"container\" data-e-type=\"container\" data-settings=\"{&quot;_transform_translateY_effect&quot;:{&quot;unit&quot;:&quot;px&quot;,&quot;size&quot;:-110,&quot;sizes&quot;:[]},&quot;_transform_translateY_effect_mobile&quot;:{&quot;unit&quot;:&quot;px&quot;,&quot;size&quot;:-49,&quot;sizes&quot;:[]},&quot;_transform_translateX_effect&quot;:{&quot;unit&quot;:&quot;px&quot;,&quot;size&quot;:&quot;&quot;,&quot;sizes&quot;:[]},&quot;_transform_translateX_effect_tablet&quot;:{&quot;unit&quot;:&quot;px&quot;,&quot;size&quot;:&quot;&quot;,&quot;sizes&quot;:[]},&quot;_transform_translateX_effect_mobile&quot;:{&quot;unit&quot;:&quot;px&quot;,&quot;size&quot;:&quot;&quot;,&quot;sizes&quot;:[]},&quot;_transform_translateY_effect_tablet&quot;:{&quot;unit&quot;:&quot;px&quot;,&quot;size&quot;:&quot;&quot;,&quot;sizes&quot;:[]}}\">\n\t\t\t\t\t<div class=\"e-con-inner\">\n\t\t<div class=\"elementor-element elementor-element-1114274 e-con-full e-transform e-flex e-con e-child\" data-id=\"1114274\" data-element_type=\"container\" data-e-type=\"container\" data-settings=\"{&quot;_transform_translateY_effect&quot;:{&quot;unit&quot;:&quot;px&quot;,&quot;size&quot;:-85,&quot;sizes&quot;:[]},&quot;_transform_translateY_effect_mobile&quot;:{&quot;unit&quot;:&quot;px&quot;,&quot;size&quot;:-12,&quot;sizes&quot;:[]},&quot;_transform_translateX_effect&quot;:{&quot;unit&quot;:&quot;px&quot;,&quot;size&quot;:&quot;&quot;,&quot;sizes&quot;:[]},&quot;_transform_translateX_effect_tablet&quot;:{&quot;unit&quot;:&quot;px&quot;,&quot;size&quot;:&quot;&quot;,&quot;sizes&quot;:[]},&quot;_transform_translateX_effect_mobile&quot;:{&quot;unit&quot;:&quot;px&quot;,&quot;size&quot;:&quot;&quot;,&quot;sizes&quot;:[]},&quot;_transform_translateY_effect_tablet&quot;:{&quot;unit&quot;:&quot;px&quot;,&quot;size&quot;:&quot;&quot;,&quot;sizes&quot;:[]}}\">\n\t\t\t\t<div class=\"elementor-element elementor-element-a623155 e-transform e-transform elementor-widget elementor-widget-image\" data-id=\"a623155\" data-element_type=\"widget\" data-e-type=\"widget\" data-settings=\"{&quot;_transform_translateY_effect_mobile&quot;:{&quot;unit&quot;:&quot;px&quot;,&quot;size&quot;:-37,&quot;sizes&quot;:[]},&quot;_transform_scale_effect_mobile&quot;:{&quot;unit&quot;:&quot;px&quot;,&quot;size&quot;:0.6,&quot;sizes&quot;:[]},&quot;_transform_translateY_effect&quot;:{&quot;unit&quot;:&quot;px&quot;,&quot;size&quot;:73,&quot;sizes&quot;:[]},&quot;_transform_translateX_effect&quot;:{&quot;unit&quot;:&quot;px&quot;,&quot;size&quot;:&quot;&quot;,&quot;sizes&quot;:[]},&quot;_transform_translateX_effect_tablet&quot;:{&quot;unit&quot;:&quot;px&quot;,&quot;size&quot;:&quot;&quot;,&quot;sizes&quot;:[]},&quot;_transform_translateX_effect_mobile&quot;:{&quot;unit&quot;:&quot;px&quot;,&quot;size&quot;:&quot;&quot;,&quot;sizes&quot;:[]},&quot;_transform_translateY_effect_tablet&quot;:{&quot;unit&quot;:&quot;px&quot;,&quot;size&quot;:&quot;&quot;,&quot;sizes&quot;:[]},&quot;_transform_scale_effect&quot;:{&quot;unit&quot;:&quot;px&quot;,&quot;size&quot;:&quot;&quot;,&quot;sizes&quot;:[]},&quot;_transform_scale_effect_tablet&quot;:{&quot;unit&quot;:&quot;px&quot;,&quot;size&quot;:&quot;&quot;,&quot;sizes&quot;:[]}}\" data-widget_type=\"image.default\">\n\t\t\t\t\t\t\t\t\t\t\t\t\t\t\t<img fetchpriority=\"high\" decoding=\"async\" width=\"907\" height=\"1024\" src=\"https:\/\/davidalazraki.fr\/wp-content\/uploads\/2025\/10\/portrait-907x1024.jpg\" class=\"attachment-large size-large wp-image-1872\" alt=\"\" srcset=\"https:\/\/davidalazraki.fr\/wp-content\/uploads\/2025\/10\/portrait-907x1024.jpg 907w, https:\/\/davidalazraki.fr\/wp-content\/uploads\/2025\/10\/portrait-266x300.jpg 266w, https:\/\/davidalazraki.fr\/wp-content\/uploads\/2025\/10\/portrait-768x867.jpg 768w, https:\/\/davidalazraki.fr\/wp-content\/uploads\/2025\/10\/portrait-1360x1536.jpg 1360w, https:\/\/davidalazraki.fr\/wp-content\/uploads\/2025\/10\/portrait-1814x2048.jpg 1814w, https:\/\/davidalazraki.fr\/wp-content\/uploads\/2025\/10\/portrait.jpg 1896w\" sizes=\"(max-width: 907px) 100vw, 907px\" \/>\t\t\t\t\t\t\t\t\t\t\t\t\t\t\t<\/div>\n\t\t\t\t<\/div>\n\t\t<div class=\"elementor-element elementor-element-35b9602 e-con-full e-transform e-flex e-con e-child\" data-id=\"35b9602\" data-element_type=\"container\" data-e-type=\"container\" data-settings=\"{&quot;_transform_translateY_effect_mobile&quot;:{&quot;unit&quot;:&quot;px&quot;,&quot;size&quot;:-85,&quot;sizes&quot;:[]},&quot;_transform_translateY_effect&quot;:{&quot;unit&quot;:&quot;px&quot;,&quot;size&quot;:-37,&quot;sizes&quot;:[]},&quot;_transform_translateX_effect&quot;:{&quot;unit&quot;:&quot;px&quot;,&quot;size&quot;:&quot;&quot;,&quot;sizes&quot;:[]},&quot;_transform_translateX_effect_tablet&quot;:{&quot;unit&quot;:&quot;px&quot;,&quot;size&quot;:&quot;&quot;,&quot;sizes&quot;:[]},&quot;_transform_translateX_effect_mobile&quot;:{&quot;unit&quot;:&quot;px&quot;,&quot;size&quot;:&quot;&quot;,&quot;sizes&quot;:[]},&quot;_transform_translateY_effect_tablet&quot;:{&quot;unit&quot;:&quot;px&quot;,&quot;size&quot;:&quot;&quot;,&quot;sizes&quot;:[]}}\">\n\t\t\t\t<div class=\"elementor-element elementor-element-c71e8ec elementor-widget elementor-widget-text-editor\" data-id=\"c71e8ec\" data-element_type=\"widget\" data-e-type=\"widget\" data-widget_type=\"text-editor.default\">\n\t\t\t\t\t\t\t\t\t<p>N\u00e9 en 1970, il grandit et travaille \u00e0 Paris. Dipl\u00f4m\u00e9 des arts appliqu\u00e9s \u00e0 Olivier de Serres et Duperr\u00e9, il exerce comme graphiste aupr\u00e8s de Gallimard, Bayard, Hachette, Air France Magazine et de nombreux autres supports en \u00e9dition et en presse. Il publie en 2001 un carnet de voyage en Himalaya chez Gallimard, et un titre jeunesse chez Thierry Magnier. Il a aussi \u00e9t\u00e9 enseignant en dessin et aquarelle \u00e0 la Maison des Arts d\u2019\u00c9vreux de 2003 \u00e0 2022. En parall\u00e8le de ses activit\u00e9s de graphiste, il poursuit aujourd\u2019hui la r\u00e9alisation de carnets, et pratique la peinture avec continuit\u00e9 depuis 2012, en exposant \u00e0 plusieurs reprises depuis 2014.<\/p><p>\u00a0<\/p><p><strong>Expositions<\/strong><\/p><p><strong>2020 Galerie Jacques L\u00e9vy<\/strong> (collective, avec Jean Degottex, Max Wechsler, Fran\u00e7ois Morellet&#8230;)<\/p><p><strong>2019 Galerie Jacques L\u00e9vy<\/strong> (collective, avec Vera Molnard, Olivier Marty&#8230;)<\/p><p><strong>2014 Maison des Arts Solange-Baudoux<\/strong>, ville d\u2019\u00c9vreux<\/p><p><strong>Galerie Clara Scremini<\/strong>, 99 rue Quincampoix, Paris<\/p><p>\u00a0<\/p><p><strong>Salons<\/strong><\/p><p>2010 <strong>Biennale du carnet de voyages de Clermont-Ferrand<\/strong><\/p><p>2007 <strong>Salon du livre de la Plagne<\/strong><\/p><p>2004 <strong>Salon du livre de jeunesse de Digne<\/strong><\/p><p>2003 <strong>Salon du livre de Creil<\/strong>, prix du carnet de voyages<\/p><p>2003 <strong>Salon du livre \u00c9tonnants voyageurs de Saint-Malo<\/strong><\/p>\t\t\t\t\t\t\t\t<\/div>\n\t\t\t\t<\/div>\n\t\t\t\t\t<\/div>\n\t\t\t\t<\/div>\n\t\t\t\t<\/div>\n\t\t","protected":false},"excerpt":{"rendered":"<p>N\u00e9 en 1970, il grandit et travaille \u00e0 Paris. Dipl\u00f4m\u00e9 des arts appliqu\u00e9s \u00e0 Olivier de Serres et Duperr\u00e9, il exerce comme graphiste aupr\u00e8s de Gallimard, Bayard, Hachette, Air France Magazine et de nombreux autres supports en \u00e9dition et en presse. Il publie en 2001 un carnet de voyage en Himalaya chez Gallimard, et un [&hellip;]<\/p>\n","protected":false},"author":2,"featured_media":0,"parent":0,"menu_order":0,"comment_status":"closed","ping_status":"closed","template":"elementor_theme","meta":{"footnotes":""},"class_list":["post-2305","page","type-page","status-publish","hentry"],"_links":{"self":[{"href":"https:\/\/davidalazraki.fr\/index.php?rest_route=\/wp\/v2\/pages\/2305","targetHints":{"allow":["GET"]}}],"collection":[{"href":"https:\/\/davidalazraki.fr\/index.php?rest_route=\/wp\/v2\/pages"}],"about":[{"href":"https:\/\/davidalazraki.fr\/index.php?rest_route=\/wp\/v2\/types\/page"}],"author":[{"embeddable":true,"href":"https:\/\/davidalazraki.fr\/index.php?rest_route=\/wp\/v2\/users\/2"}],"replies":[{"embeddable":true,"href":"https:\/\/davidalazraki.fr\/index.php?rest_route=%2Fwp%2Fv2%2Fcomments&post=2305"}],"version-history":[{"count":32,"href":"https:\/\/davidalazraki.fr\/index.php?rest_route=\/wp\/v2\/pages\/2305\/revisions"}],"predecessor-version":[{"id":2360,"href":"https:\/\/davidalazraki.fr\/index.php?rest_route=\/wp\/v2\/pages\/2305\/revisions\/2360"}],"wp:attachment":[{"href":"https:\/\/davidalazraki.fr\/index.php?rest_route=%2Fwp%2Fv2%2Fmedia&parent=2305"}],"curies":[{"name":"wp","href":"https:\/\/api.w.org\/{rel}","templated":true}]}}