{"id":4051,"date":"2026-02-12T17:42:40","date_gmt":"2026-02-12T16:42:40","guid":{"rendered":"https:\/\/davidalazraki.fr\/?page_id=4051"},"modified":"2026-02-12T17:56:38","modified_gmt":"2026-02-12T16:56:38","slug":"elementor-4051","status":"publish","type":"page","link":"https:\/\/davidalazraki.fr\/?page_id=4051","title":{"rendered":"Elementor #4051"},"content":{"rendered":"\t\t<div data-elementor-type=\"wp-page\" data-elementor-id=\"4051\" class=\"elementor elementor-4051\">\n\t\t\t\t<div class=\"elementor-element elementor-element-2bbee097 e-transform e-con-full e-flex e-con e-parent\" data-id=\"2bbee097\" data-element_type=\"container\" data-e-type=\"container\" data-settings=\"{&quot;_transform_translateX_effect&quot;:{&quot;unit&quot;:&quot;px&quot;,&quot;size&quot;:-518,&quot;sizes&quot;:[]},&quot;_transform_translateY_effect&quot;:{&quot;unit&quot;:&quot;px&quot;,&quot;size&quot;:-10,&quot;sizes&quot;:[]},&quot;_transform_translateX_effect_tablet&quot;:{&quot;unit&quot;:&quot;px&quot;,&quot;size&quot;:-278,&quot;sizes&quot;:[]},&quot;_transform_translateY_effect_tablet&quot;:{&quot;unit&quot;:&quot;px&quot;,&quot;size&quot;:-1,&quot;sizes&quot;:[]},&quot;_transform_translateX_effect_mobile&quot;:{&quot;unit&quot;:&quot;px&quot;,&quot;size&quot;:-305,&quot;sizes&quot;:[]},&quot;_transform_translateY_effect_mobile&quot;:{&quot;unit&quot;:&quot;px&quot;,&quot;size&quot;:-56,&quot;sizes&quot;:[]}}\">\n\t\t\t\t<div class=\"elementor-element elementor-element-3e888e58 e-transform e-transform elementor-widget elementor-widget-button\" data-id=\"3e888e58\" data-element_type=\"widget\" data-e-type=\"widget\" data-settings=\"{&quot;_transform_translateX_effect_mobile&quot;:{&quot;unit&quot;:&quot;px&quot;,&quot;size&quot;:244,&quot;sizes&quot;:[]},&quot;_transform_translateY_effect_mobile&quot;:{&quot;unit&quot;:&quot;px&quot;,&quot;size&quot;:49,&quot;sizes&quot;:[]},&quot;_transform_scale_effect_mobile&quot;:{&quot;unit&quot;:&quot;px&quot;,&quot;size&quot;:0.9,&quot;sizes&quot;:[]},&quot;_transform_translateX_effect&quot;:{&quot;unit&quot;:&quot;px&quot;,&quot;size&quot;:&quot;&quot;,&quot;sizes&quot;:[]},&quot;_transform_translateX_effect_tablet&quot;:{&quot;unit&quot;:&quot;px&quot;,&quot;size&quot;:&quot;&quot;,&quot;sizes&quot;:[]},&quot;_transform_translateY_effect&quot;:{&quot;unit&quot;:&quot;px&quot;,&quot;size&quot;:&quot;&quot;,&quot;sizes&quot;:[]},&quot;_transform_translateY_effect_tablet&quot;:{&quot;unit&quot;:&quot;px&quot;,&quot;size&quot;:&quot;&quot;,&quot;sizes&quot;:[]},&quot;_transform_scale_effect&quot;:{&quot;unit&quot;:&quot;px&quot;,&quot;size&quot;:&quot;&quot;,&quot;sizes&quot;:[]},&quot;_transform_scale_effect_tablet&quot;:{&quot;unit&quot;:&quot;px&quot;,&quot;size&quot;:&quot;&quot;,&quot;sizes&quot;:[]}}\" data-widget_type=\"button.default\">\n\t\t\t\t\t\t\t\t\t\t<a class=\"elementor-button elementor-button-link elementor-size-sm elementor-animation-grow\" href=\"https:\/\/davidalazraki.fr\/?page_id=1160\">\n\t\t\t\t\t\t<span class=\"elementor-button-content-wrapper\">\n\t\t\t\t\t\t\t\t\t<span class=\"elementor-button-text\">&lt; Retour<\/span>\n\t\t\t\t\t<\/span>\n\t\t\t\t\t<\/a>\n\t\t\t\t\t\t\t\t<\/div>\n\t\t\t\t<\/div>\n\t\t<div class=\"elementor-element elementor-element-618744ca e-transform e-transform e-flex e-con-boxed e-con e-parent\" data-id=\"618744ca\" data-element_type=\"container\" data-e-type=\"container\" data-settings=\"{&quot;_transform_translateY_effect&quot;:{&quot;unit&quot;:&quot;px&quot;,&quot;size&quot;:538,&quot;sizes&quot;:[]},&quot;_transform_scale_effect&quot;:{&quot;unit&quot;:&quot;px&quot;,&quot;size&quot;:1.5,&quot;sizes&quot;:[]},&quot;_transform_scale_effect_tablet&quot;:{&quot;unit&quot;:&quot;px&quot;,&quot;size&quot;:1.1,&quot;sizes&quot;:[]},&quot;_transform_scale_effect_mobile&quot;:{&quot;unit&quot;:&quot;px&quot;,&quot;size&quot;:0.9,&quot;sizes&quot;:[]},&quot;_transform_translateY_effect_tablet&quot;:{&quot;unit&quot;:&quot;px&quot;,&quot;size&quot;:51,&quot;sizes&quot;:[]},&quot;_transform_translateY_effect_mobile&quot;:{&quot;unit&quot;:&quot;px&quot;,&quot;size&quot;:22,&quot;sizes&quot;:[]},&quot;_transform_translateX_effect&quot;:{&quot;unit&quot;:&quot;px&quot;,&quot;size&quot;:&quot;&quot;,&quot;sizes&quot;:[]},&quot;_transform_translateX_effect_tablet&quot;:{&quot;unit&quot;:&quot;px&quot;,&quot;size&quot;:&quot;&quot;,&quot;sizes&quot;:[]},&quot;_transform_translateX_effect_mobile&quot;:{&quot;unit&quot;:&quot;px&quot;,&quot;size&quot;:&quot;&quot;,&quot;sizes&quot;:[]}}\">\n\t\t\t\t\t<div class=\"e-con-inner\">\n\t\t\t\t<div class=\"elementor-element elementor-element-5d4c0e66 elementor-widget__width-initial e-transform e-transform elementor-widget elementor-widget-text-editor\" data-id=\"5d4c0e66\" data-element_type=\"widget\" data-e-type=\"widget\" data-settings=\"{&quot;_transform_translateY_effect&quot;:{&quot;unit&quot;:&quot;px&quot;,&quot;size&quot;:-230,&quot;sizes&quot;:[]},&quot;_transform_translateY_effect_tablet&quot;:{&quot;unit&quot;:&quot;px&quot;,&quot;size&quot;:-14,&quot;sizes&quot;:[]},&quot;_transform_translateY_effect_mobile&quot;:{&quot;unit&quot;:&quot;px&quot;,&quot;size&quot;:-122,&quot;sizes&quot;:[]},&quot;_transform_translateX_effect&quot;:{&quot;unit&quot;:&quot;px&quot;,&quot;size&quot;:&quot;&quot;,&quot;sizes&quot;:[]},&quot;_transform_translateX_effect_tablet&quot;:{&quot;unit&quot;:&quot;px&quot;,&quot;size&quot;:&quot;&quot;,&quot;sizes&quot;:[]},&quot;_transform_translateX_effect_mobile&quot;:{&quot;unit&quot;:&quot;px&quot;,&quot;size&quot;:&quot;&quot;,&quot;sizes&quot;:[]},&quot;_transform_scale_effect&quot;:{&quot;unit&quot;:&quot;px&quot;,&quot;size&quot;:&quot;&quot;,&quot;sizes&quot;:[]},&quot;_transform_scale_effect_tablet&quot;:{&quot;unit&quot;:&quot;px&quot;,&quot;size&quot;:&quot;&quot;,&quot;sizes&quot;:[]},&quot;_transform_scale_effect_mobile&quot;:{&quot;unit&quot;:&quot;px&quot;,&quot;size&quot;:&quot;&quot;,&quot;sizes&quot;:[]}}\" data-widget_type=\"text-editor.default\">\n\t\t\t\t\t\t\t\t\t<p><strong>Un non-vocabulaire des formes<\/strong><br \/>\u00c0 l\u2019occasion de l\u2019exposition \u00e0 la galerie Jacques L\u00e9vy, 2026<\/p><p><strong>Fran\u00e7oise Docquiert<\/strong><\/p><p>\u00a0<\/p><p>Les aquarelles de David Alazraki sont des formes silencieuses \u00e9lev\u00e9es \u00e0 la dignit\u00e9 d\u2019un langage qui,<br \/>sciemment, attend d\u2019\u00eatre d\u00e9chiffr\u00e9.<\/p><p>\u00a0<\/p><p>Au d\u00e9tour d\u2019un entretien, l\u2019artiste \u00e9voque ses ma\u00eetres et ses sources : Michel Parmentier, l\u2019un des fondateurs en 1966 du groupe BMPT que David Alazraki a eu la chance de c\u00f4toyer, et d\u2019apprendre aupr\u00e8s de lui qu\u2019avec le dessin et la peinture, c\u2019est la question de la repr\u00e9sentation qui se pose. Que l\u2019envie de peindre n\u2019est surtout pas de l\u2019ordre du narratif et que la pens\u00e9e plastique est tout sauf illustration.<br \/>Parmi les peintres, il cite Bram van Velde, Cy Twombly et les mots de Roland Barthes sur l\u2019artiste o\u00f9 il ne reste que le \u00ab tour nerveux des lettres et le jet de l\u2019encre \u00bb, le \u00ab tact gauche \u00bb sur le \u00ab dernier \u00e9tat de la peinture, son plancher, le papier \u00bb. Mais aussi Giovanni Bellini, Nicolas Poussin et plus r\u00e9cemment Jackson Pollock, Barnet Newman et Agn\u00e8s Martin ou encore Simon Hanta\u00cf.<\/p><p>Avec ses derniers exemples, le travail de David Alazraki se rapproche-t-il des minimalistes ? Peut- \u00eatre par une refiguration, une re-vision \u00e9pur\u00e9e. Il faut ajouter \u00e0 ces r\u00e9f\u00e9rences esth\u00e9tiques un voyage inaugural en 1998 en Asie (Himalaya, Inde et Pakistan&#8230;) &#8211; d\u2019une ann\u00e9e suivi de beaucoup d\u2019autres. Avec la pratique d\u2019un dessin par jour, souvent de m\u00e9moire, \u00e0 l\u2019origine de paysages abstraits de<br \/>montagnes, th\u00e9matique ch\u00e8re \u00e0 l\u2019artiste.<\/p><p>\u00a0<\/p><p>Mais revenons \u00e0 ce dernier travail, dont les exemplaires uniques sont simplement num\u00e9rot\u00e9s et dat\u00e9s. D\u2019amples formats (50 x 76 cm) sur papier unicolore, parfois travaill\u00e9s \u00e0 la gouache, enrichis d\u2019aquarelle comme premier geste affranchi du dessin. On peut y voir un ensemble de pictogrammes ou plus exactement des signes diss\u00e9min\u00e9s sur des fonds p\u00e2les, sortes de cartes perdues dans un monde dont nous ne savons pas nous-m\u00eames d\u00e9chiffrer la signification imm\u00e9diate mais qui nous transportent dans un univers de r\u00eaves pour nous \u00e9carter de toute conduite raisonnable. David Alazraki parle de geste \u00e0 l\u2019aveugle sans rien savoir, privil\u00e9giant ses propres navigations. Sur des fonds immacul\u00e9s mais travaill\u00e9s \u00e0 la peinture, il s\u2019agit l\u00e0 d\u2019\u00e9liminer tout ce qui pourrait distraire. L\u2019artiste ne nous laisse aucun point d\u2019appui pour interpr\u00e9ter son travail. Les formes sont bien pr\u00e9sentes, color\u00e9es par l\u2019aquarelle et charg\u00e9es de donner consistance \u00e0 une absence qui mange l\u2019espace et le vide. Ainsi le regard se porte vers ses figures que chacun peut interpr\u00e9ter \u00e0 sa guise. Du regard, on y voit des croisements, des rencontres, des turgescences, une sorte de ballet sur l\u2019espace pour d\u00e9finir une jungle de signes dont l\u2019artiste joue \u00e0 la mani\u00e8re d\u2019un orf\u00e8vre.<\/p><p>\u00a0<\/p><p>Mais alors o\u00f9 est l\u2019endroit, o\u00f9 est l\u2019envers ? Peu importe, les formes sont des sortes de contorsions du vide. Il ne s\u2019agit de trac\u00e9s qui ne sont ni concaves ni convexes, on peut y retrouver quelques concessions \u00e0 des montagnes, \u00e0 des nuages, \u00e0 des figures terrestres mais il faut se faire une raison : le travail de David Alazraki existe avec des formes qui ne se relient pas \u00e0 un concret possible mais qui, dans leur splendeur, privil\u00e9gient une apparente absence de geste. La po\u00e9tique de son travail d\u00e9finit alors une carte imaginaire allant au-del\u00e0 des donn\u00e9es imm\u00e9diates de la perception et qui, alors, parait continuellement changeante et, \u00e0 la limite, insaisissable. C\u2019est l\u00e0 toute sa force.<\/p>\t\t\t\t\t\t\t\t<\/div>\n\t\t\t\t\t<\/div>\n\t\t\t\t<\/div>\n\t\t\t\t<\/div>\n\t\t","protected":false},"excerpt":{"rendered":"<p>&lt; Retour Un non-vocabulaire des formes\u00c0 l\u2019occasion de l\u2019exposition \u00e0 la galerie Jacques L\u00e9vy, 2026 Fran\u00e7oise Docquiert \u00a0 Les aquarelles de David Alazraki sont des formes silencieuses \u00e9lev\u00e9es \u00e0 la dignit\u00e9 d\u2019un langage qui,sciemment, attend d\u2019\u00eatre d\u00e9chiffr\u00e9. \u00a0 Au d\u00e9tour d\u2019un entretien, l\u2019artiste \u00e9voque ses ma\u00eetres et ses sources : Michel Parmentier, l\u2019un des fondateurs [&hellip;]<\/p>\n","protected":false},"author":2,"featured_media":0,"parent":0,"menu_order":0,"comment_status":"closed","ping_status":"closed","template":"page-no-title","meta":{"footnotes":""},"class_list":["post-4051","page","type-page","status-publish","hentry"],"_links":{"self":[{"href":"https:\/\/davidalazraki.fr\/index.php?rest_route=\/wp\/v2\/pages\/4051","targetHints":{"allow":["GET"]}}],"collection":[{"href":"https:\/\/davidalazraki.fr\/index.php?rest_route=\/wp\/v2\/pages"}],"about":[{"href":"https:\/\/davidalazraki.fr\/index.php?rest_route=\/wp\/v2\/types\/page"}],"author":[{"embeddable":true,"href":"https:\/\/davidalazraki.fr\/index.php?rest_route=\/wp\/v2\/users\/2"}],"replies":[{"embeddable":true,"href":"https:\/\/davidalazraki.fr\/index.php?rest_route=%2Fwp%2Fv2%2Fcomments&post=4051"}],"version-history":[{"count":37,"href":"https:\/\/davidalazraki.fr\/index.php?rest_route=\/wp\/v2\/pages\/4051\/revisions"}],"predecessor-version":[{"id":4091,"href":"https:\/\/davidalazraki.fr\/index.php?rest_route=\/wp\/v2\/pages\/4051\/revisions\/4091"}],"wp:attachment":[{"href":"https:\/\/davidalazraki.fr\/index.php?rest_route=%2Fwp%2Fv2%2Fmedia&parent=4051"}],"curies":[{"name":"wp","href":"https:\/\/api.w.org\/{rel}","templated":true}]}}